{"id":62,"date":"2018-11-29T11:44:05","date_gmt":"2018-11-29T10:44:05","guid":{"rendered":"http:\/\/domaineenbirbes.com\/?page_id=62"},"modified":"2025-03-10T15:36:52","modified_gmt":"2025-03-10T14:36:52","slug":"met-een-groep","status":"publish","type":"page","link":"https:\/\/www.domaineenbirbes.com\/fr\/met-een-groep\/","title":{"rendered":"en groupe"},"content":{"rendered":"<div data-elementor-type=\"wp-post\" data-elementor-id=\"62\" class=\"elementor elementor-62\" data-elementor-post-type=\"page\">\n\t\t\t\t\t\t<section class=\"elementor-section elementor-top-section elementor-element elementor-element-e6c576b elementor-section-full_width elementor-section-items-bottom elementor-section-height-min-height elementor-section-height-default\" data-id=\"e6c576b\" data-element_type=\"section\" data-e-type=\"section\" data-settings=\"{&quot;background_background&quot;:&quot;classic&quot;}\">\n\t\t\t\t\t\t<div class=\"elementor-container elementor-column-gap-default\">\n\t\t\t\t\t<div class=\"elementor-column elementor-col-50 elementor-top-column elementor-element elementor-element-5261e2c\" data-id=\"5261e2c\" data-element_type=\"column\" data-e-type=\"column\">\n\t\t\t<div class=\"elementor-widget-wrap\">\n\t\t\t\t\t\t\t<\/div>\n\t\t<\/div>\n\t\t\t\t<div class=\"elementor-column elementor-col-50 elementor-top-column elementor-element elementor-element-99aa443\" data-id=\"99aa443\" data-element_type=\"column\" data-e-type=\"column\">\n\t\t\t<div class=\"elementor-widget-wrap elementor-element-populated\">\n\t\t\t\t\t\t<div class=\"elementor-element elementor-element-345109e elementor-widget elementor-widget-image\" data-id=\"345109e\" data-element_type=\"widget\" data-e-type=\"widget\" data-widget_type=\"image.default\">\n\t\t\t\t<div class=\"elementor-widget-container\">\n\t\t\t\t\t\t\t\t\t\t\t\t\t\t\t<img fetchpriority=\"high\" decoding=\"async\" width=\"367\" height=\"367\" src=\"https:\/\/www.domaineenbirbes.com\/wp-content\/uploads\/2021\/11\/logo-wit-met-petrol-achtergrond_nov-2021.png\" class=\"attachment-full size-full wp-image-3861\" alt=\"\" srcset=\"https:\/\/www.domaineenbirbes.com\/wp-content\/uploads\/2021\/11\/logo-wit-met-petrol-achtergrond_nov-2021.png 367w, https:\/\/www.domaineenbirbes.com\/wp-content\/uploads\/2021\/11\/logo-wit-met-petrol-achtergrond_nov-2021-300x300.png 300w, https:\/\/www.domaineenbirbes.com\/wp-content\/uploads\/2021\/11\/logo-wit-met-petrol-achtergrond_nov-2021-150x150.png 150w, https:\/\/www.domaineenbirbes.com\/wp-content\/uploads\/2021\/11\/logo-wit-met-petrol-achtergrond_nov-2021-12x12.png 12w\" sizes=\"(max-width: 367px) 100vw, 367px\" \/>\t\t\t\t\t\t\t\t\t\t\t\t\t\t\t<\/div>\n\t\t\t\t<\/div>\n\t\t\t\t\t<\/div>\n\t\t<\/div>\n\t\t\t\t\t<\/div>\n\t\t<\/section>\n\t\t\t\t<section class=\"elementor-section elementor-top-section elementor-element elementor-element-7d70189 elementor-section-boxed elementor-section-height-default elementor-section-height-default\" data-id=\"7d70189\" data-element_type=\"section\" data-e-type=\"section\">\n\t\t\t\t\t\t<div class=\"elementor-container elementor-column-gap-default\">\n\t\t\t\t\t<div class=\"elementor-column elementor-col-100 elementor-top-column elementor-element elementor-element-28b3131\" data-id=\"28b3131\" data-element_type=\"column\" data-e-type=\"column\">\n\t\t\t<div class=\"elementor-widget-wrap elementor-element-populated\">\n\t\t\t\t\t\t<div class=\"elementor-element elementor-element-953e538 elementor-widget elementor-widget-heading\" data-id=\"953e538\" data-element_type=\"widget\" data-e-type=\"widget\" data-widget_type=\"heading.default\">\n\t\t\t\t<div class=\"elementor-widget-container\">\n\t\t\t\t\t<h3 class=\"elementor-heading-title elementor-size-default\">EN GROUPE<\/h3>\t\t\t\t<\/div>\n\t\t\t\t<\/div>\n\t\t\t\t\t<\/div>\n\t\t<\/div>\n\t\t\t\t\t<\/div>\n\t\t<\/section>\n\t\t\t\t<section class=\"elementor-section elementor-top-section elementor-element elementor-element-4a3ffd1 elementor-section-boxed elementor-section-height-default elementor-section-height-default\" data-id=\"4a3ffd1\" data-element_type=\"section\" data-e-type=\"section\">\n\t\t\t\t\t\t<div class=\"elementor-container elementor-column-gap-default\">\n\t\t\t\t\t<div class=\"elementor-column elementor-col-50 elementor-top-column elementor-element elementor-element-722afa7\" data-id=\"722afa7\" data-element_type=\"column\" data-e-type=\"column\" data-settings=\"{&quot;background_background&quot;:&quot;classic&quot;}\">\n\t\t\t<div class=\"elementor-widget-wrap elementor-element-populated\">\n\t\t\t\t\t\t<div class=\"elementor-element elementor-element-eacea7a elementor-widget elementor-widget-image\" data-id=\"eacea7a\" data-element_type=\"widget\" data-e-type=\"widget\" data-widget_type=\"image.default\">\n\t\t\t\t<div class=\"elementor-widget-container\">\n\t\t\t\t\t\t\t\t\t\t\t\t\t\t\t<img decoding=\"async\" width=\"1359\" height=\"652\" src=\"https:\/\/www.domaineenbirbes.com\/wp-content\/uploads\/2020\/11\/IMG_7858-2.jpg\" class=\"attachment-full size-full wp-image-2641\" alt=\"\" srcset=\"https:\/\/www.domaineenbirbes.com\/wp-content\/uploads\/2020\/11\/IMG_7858-2.jpg 1359w, https:\/\/www.domaineenbirbes.com\/wp-content\/uploads\/2020\/11\/IMG_7858-2-300x144.jpg 300w, https:\/\/www.domaineenbirbes.com\/wp-content\/uploads\/2020\/11\/IMG_7858-2-1024x491.jpg 1024w, https:\/\/www.domaineenbirbes.com\/wp-content\/uploads\/2020\/11\/IMG_7858-2-768x368.jpg 768w, https:\/\/www.domaineenbirbes.com\/wp-content\/uploads\/2020\/11\/IMG_7858-2-16x8.jpg 16w\" sizes=\"(max-width: 1359px) 100vw, 1359px\" \/>\t\t\t\t\t\t\t\t\t\t\t\t\t\t\t<\/div>\n\t\t\t\t<\/div>\n\t\t\t\t<div class=\"elementor-element elementor-element-becd3a2 elementor-widget elementor-widget-image\" data-id=\"becd3a2\" data-element_type=\"widget\" data-e-type=\"widget\" data-widget_type=\"image.default\">\n\t\t\t\t<div class=\"elementor-widget-container\">\n\t\t\t\t\t\t\t\t\t\t\t\t\t\t\t<img decoding=\"async\" width=\"600\" height=\"400\" src=\"https:\/\/www.domaineenbirbes.com\/wp-content\/uploads\/2019\/02\/met-een-groep-gasten-bij-vuurkorf-min.jpg\" class=\"attachment-full size-full wp-image-1376\" alt=\"\" srcset=\"https:\/\/www.domaineenbirbes.com\/wp-content\/uploads\/2019\/02\/met-een-groep-gasten-bij-vuurkorf-min.jpg 600w, https:\/\/www.domaineenbirbes.com\/wp-content\/uploads\/2019\/02\/met-een-groep-gasten-bij-vuurkorf-min-300x200.jpg 300w\" sizes=\"(max-width: 600px) 100vw, 600px\" \/>\t\t\t\t\t\t\t\t\t\t\t\t\t\t\t<\/div>\n\t\t\t\t<\/div>\n\t\t\t\t\t<\/div>\n\t\t<\/div>\n\t\t\t\t<div class=\"elementor-column elementor-col-50 elementor-top-column elementor-element elementor-element-7970c9c\" data-id=\"7970c9c\" data-element_type=\"column\" data-e-type=\"column\" data-settings=\"{&quot;background_background&quot;:&quot;classic&quot;}\">\n\t\t\t<div class=\"elementor-widget-wrap elementor-element-populated\">\n\t\t\t\t\t\t<div class=\"elementor-element elementor-element-6177b3e elementor-widget elementor-widget-text-editor\" data-id=\"6177b3e\" data-element_type=\"widget\" data-e-type=\"widget\" data-widget_type=\"text-editor.default\">\n\t\t\t\t<div class=\"elementor-widget-container\">\n\t\t\t\t\t\t\t\t\t<p>Au Domaine en Birb\u00e8s, nous disposons de tous les ingr\u00e9dients n\u00e9cessaires \u00e0 un s\u00e9jour sur mesure ; que ce soit pour votre mariage ou votre f\u00eate de famille, une r\u00e9union, un \u00e9v\u00e8nement d'entreprise ou d'\u00e9quipe, ou m\u00eame une semaine de VTT, des ateliers de cuisine, des cours de peinture ou encore une excursion brocante.<\/p><p>En plus des diff\u00e9rents choix d'h\u00e9bergements que nous proposons, o\u00f9 vos invit\u00e9s peuvent profiter de la vie priv\u00e9e n\u00e9cessaire, nous disposons d'un hangar fantastique \u00e9quip\u00e9 d'une grande cuisine ext\u00e9rieure couverte. Le hangar est l'endroit id\u00e9al pour \u00eatre cr\u00e9atif avec un groupe, pour cuisiner, travailler et\/ou faire la f\u00eate ! Et tout cela avec la paix et la tranquilit\u00e9 apport\u00e9es par les environs.<\/p><p>Cela est \u00e9galement possible pour quelques jours, un long week-end ou un voyage en milieu de semaine. Vous pouvez voyager en moins d'une heure et demie des Pays-Bas ou de la Belgique (avec KLM, Air France, Ryanair, easyJet et Brussels Airlines) en arrivant \u00e0 l'a\u00e9roport de Carcassonne (\u00e0 30mn de Birb\u00e8s) ou de Toulouse (\u00e0 45mn de Birb\u00e8s).<\/p><p>D\u00e8s que vous avez des id\u00e9es ou des plans fixes pour un s\u00e9jour en groupe dans notre Domaine, contactez-nous. Nous sommes tr\u00e8s dispos\u00e9s \u00e0 discuter ensemble de toutes les disponibilit\u00e9s qui s'offrent \u00e0 vous.<\/p>\t\t\t\t\t\t\t\t<\/div>\n\t\t\t\t<\/div>\n\t\t\t\t<div class=\"elementor-element elementor-element-3200577 elementor-align-left elementor-widget elementor-widget-button\" data-id=\"3200577\" data-element_type=\"widget\" data-e-type=\"widget\" data-widget_type=\"button.default\">\n\t\t\t\t<div class=\"elementor-widget-container\">\n\t\t\t\t\t\t\t\t\t<div class=\"elementor-button-wrapper\">\n\t\t\t\t\t<a class=\"elementor-button elementor-button-link elementor-size-sm elementor-animation-grow\" href=\"https:\/\/www.domaineenbirbes.com\/fr\/accommodatie\/\">\n\t\t\t\t\t\t<span class=\"elementor-button-content-wrapper\">\n\t\t\t\t\t\t<span class=\"elementor-button-icon\">\n\t\t\t\t\t\t\t\t\t<i class=\"fa fa-angle-right\" aria-hidden=\"true\"><\/i>\n\t\t\t\t\t\t\t<\/span>\n\t\t\t\t\t\t\t\t\t<span class=\"elementor-button-text\">h\u00e9bergement<\/span>\n\t\t\t\t\t<\/span>\n\t\t\t\t\t<\/a>\n\t\t\t\t<\/div>\n\t\t\t\t\t\t\t\t<\/div>\n\t\t\t\t<\/div>\n\t\t\t\t\t<\/div>\n\t\t<\/div>\n\t\t\t\t\t<\/div>\n\t\t<\/section>\n\t\t\t\t<section class=\"elementor-section elementor-top-section elementor-element elementor-element-05c9fe8 elementor-section-full_width elementor-section-height-default elementor-section-height-default\" data-id=\"05c9fe8\" data-element_type=\"section\" data-e-type=\"section\">\n\t\t\t\t\t\t<div class=\"elementor-container elementor-column-gap-default\">\n\t\t\t\t\t<div class=\"elementor-column elementor-col-100 elementor-top-column elementor-element elementor-element-e922139\" data-id=\"e922139\" data-element_type=\"column\" data-e-type=\"column\">\n\t\t\t<div class=\"elementor-widget-wrap elementor-element-populated\">\n\t\t\t\t\t\t<div class=\"elementor-element elementor-element-3bdc8fa elementor--h-position-center elementor--v-position-middle elementor-widget elementor-widget-slides\" data-id=\"3bdc8fa\" data-element_type=\"widget\" data-e-type=\"widget\" data-settings=\"{&quot;navigation&quot;:&quot;none&quot;,&quot;transition&quot;:&quot;slide&quot;,&quot;transition_speed&quot;:500}\" data-widget_type=\"slides.default\">\n\t\t\t\t<div class=\"elementor-widget-container\">\n\t\t\t\t\t\t\t\t\t<div class=\"elementor-swiper\">\n\t\t\t\t\t<div class=\"elementor-slides-wrapper elementor-main-swiper swiper\" role=\"region\" aria-roledescription=\"carousel\" aria-label=\"Diapositives\" dir=\"ltr\" data-animation=\"fadeInUp\">\n\t\t\t\t<div class=\"swiper-wrapper elementor-slides\">\n\t\t\t\t\t\t\t\t\t\t<div class=\"elementor-repeater-item-9ca9bf3 swiper-slide\" role=\"group\" aria-roledescription=\"slide\"><div class=\"swiper-slide-bg\" role=\"img\" aria-label=\"table de nuit\"><\/div><div class=\"swiper-slide-inner\" ><div class=\"swiper-slide-contents\"><\/div><\/div><\/div>\t\t\t\t<\/div>\n\t\t\t\t\t\t\t<\/div>\n\t\t\t\t<\/div>\n\t\t\t\t\t\t\t\t<\/div>\n\t\t\t\t<\/div>\n\t\t\t\t\t<\/div>\n\t\t<\/div>\n\t\t\t\t\t<\/div>\n\t\t<\/section>\n\t\t\t\t<\/div>","protected":false},"excerpt":{"rendered":"<p>MET EEN GROEP Op Domaine en Birb\u00e8s zijn alle ingredi\u00ebnten aanwezig om een fantastisch verblijf op maat te (laten) organiseren. Je kunt hierbij denken aan een huwelijks- of familiefeest, re\u00fcnie, bedrijfs- of teamuitje, maar ook een mountainbikeweek, kookworkshops, schildercursussen of een brocantereis. Naast de verschillende accommodaties waarin je gasten met de nodige privacy kunnen verblijven, [&hellip;]<\/p>\n","protected":false},"author":1,"featured_media":0,"parent":0,"menu_order":3,"comment_status":"closed","ping_status":"closed","template":"","meta":{"_monsterinsights_skip_tracking":false,"_monsterinsights_sitenote_active":false,"_monsterinsights_sitenote_note":"","_monsterinsights_sitenote_category":0,"site-sidebar-layout":"no-sidebar","site-content-layout":"page-builder","ast-site-content-layout":"default","site-content-style":"default","site-sidebar-style":"default","ast-global-header-display":"","ast-banner-title-visibility":"","ast-main-header-display":"disabled","ast-hfb-above-header-display":"","ast-hfb-below-header-display":"","ast-hfb-mobile-header-display":"","site-post-title":"disabled","ast-breadcrumbs-content":"","ast-featured-img":"disabled","footer-sml-layout":"","ast-disable-related-posts":"","theme-transparent-header-meta":"default","adv-header-id-meta":"","stick-header-meta":"","header-above-stick-meta":"","header-main-stick-meta":"","header-below-stick-meta":"","astra-migrate-meta-layouts":"default","ast-page-background-enabled":"default","ast-page-background-meta":{"desktop":{"background-color":"","background-image":"","background-repeat":"repeat","background-position":"center center","background-size":"auto","background-attachment":"scroll","background-type":"","background-media":"","overlay-type":"","overlay-color":"","overlay-opacity":"","overlay-gradient":""},"tablet":{"background-color":"","background-image":"","background-repeat":"repeat","background-position":"center center","background-size":"auto","background-attachment":"scroll","background-type":"","background-media":"","overlay-type":"","overlay-color":"","overlay-opacity":"","overlay-gradient":""},"mobile":{"background-color":"","background-image":"","background-repeat":"repeat","background-position":"center center","background-size":"auto","background-attachment":"scroll","background-type":"","background-media":"","overlay-type":"","overlay-color":"","overlay-opacity":"","overlay-gradient":""}},"ast-content-background-meta":{"desktop":{"background-color":"var(--ast-global-color-5)","background-image":"","background-repeat":"repeat","background-position":"center center","background-size":"auto","background-attachment":"scroll","background-type":"","background-media":"","overlay-type":"","overlay-color":"","overlay-opacity":"","overlay-gradient":""},"tablet":{"background-color":"var(--ast-global-color-5)","background-image":"","background-repeat":"repeat","background-position":"center center","background-size":"auto","background-attachment":"scroll","background-type":"","background-media":"","overlay-type":"","overlay-color":"","overlay-opacity":"","overlay-gradient":""},"mobile":{"background-color":"var(--ast-global-color-5)","background-image":"","background-repeat":"repeat","background-position":"center center","background-size":"auto","background-attachment":"scroll","background-type":"","background-media":"","overlay-type":"","overlay-color":"","overlay-opacity":"","overlay-gradient":""}},"footnotes":""},"class_list":["post-62","page","type-page","status-publish","hentry"],"yoast_head":"<!-- This site is optimized with the Yoast SEO plugin v27.4 - https:\/\/yoast.com\/product\/yoast-seo-wordpress\/ -->\n<title>Met een groep voor een fantastisch verblijf op maat<\/title>\n<meta name=\"description\" content=\"Op Domaine en Birb\u00e8s zijn alle ingredi\u00ebnten aanwezig om een fantastisch verblijf; van een huwelijk tot bedrijfsuitje tot mountainbikereis\" \/>\n<meta name=\"robots\" content=\"index, follow, max-snippet:-1, max-image-preview:large, max-video-preview:-1\" \/>\n<link rel=\"canonical\" href=\"https:\/\/www.domaineenbirbes.com\/fr\/met-een-groep\/\" \/>\n<meta property=\"og:locale\" content=\"fr_FR\" \/>\n<meta property=\"og:type\" content=\"article\" \/>\n<meta property=\"og:title\" content=\"Met een groep voor een fantastisch verblijf op maat\" \/>\n<meta property=\"og:description\" content=\"Op Domaine en Birb\u00e8s zijn alle ingredi\u00ebnten aanwezig om een fantastisch verblijf; van een huwelijk tot bedrijfsuitje tot mountainbikereis\" \/>\n<meta property=\"og:url\" content=\"https:\/\/www.domaineenbirbes.com\/fr\/met-een-groep\/\" \/>\n<meta property=\"og:site_name\" content=\"Domaine en birbes\" \/>\n<meta property=\"article:modified_time\" content=\"2025-03-10T14:36:52+00:00\" \/>\n<meta property=\"og:image\" content=\"https:\/\/www.domaineenbirbes.com\/wp-content\/uploads\/2021\/11\/logo-wit-met-petrol-achtergrond_nov-2021.png\" \/>\n\t<meta property=\"og:image:width\" content=\"367\" \/>\n\t<meta property=\"og:image:height\" content=\"367\" \/>\n\t<meta property=\"og:image:type\" content=\"image\/png\" \/>\n<meta name=\"twitter:card\" content=\"summary_large_image\" \/>\n<meta name=\"twitter:label1\" content=\"Dur\u00e9e de lecture estim\u00e9e\" \/>\n\t<meta name=\"twitter:data1\" content=\"2 minutes\" \/>\n<script type=\"application\/ld+json\" class=\"yoast-schema-graph\">{\"@context\":\"https:\\\/\\\/schema.org\",\"@graph\":[{\"@type\":\"WebPage\",\"@id\":\"https:\\\/\\\/www.domaineenbirbes.com\\\/met-een-groep\\\/\",\"url\":\"https:\\\/\\\/www.domaineenbirbes.com\\\/met-een-groep\\\/\",\"name\":\"Met een groep voor een fantastisch verblijf op maat\",\"isPartOf\":{\"@id\":\"https:\\\/\\\/www.domaineenbirbes.com\\\/#website\"},\"primaryImageOfPage\":{\"@id\":\"https:\\\/\\\/www.domaineenbirbes.com\\\/met-een-groep\\\/#primaryimage\"},\"image\":{\"@id\":\"https:\\\/\\\/www.domaineenbirbes.com\\\/met-een-groep\\\/#primaryimage\"},\"thumbnailUrl\":\"https:\\\/\\\/www.domaineenbirbes.com\\\/wp-content\\\/uploads\\\/2021\\\/11\\\/logo-wit-met-petrol-achtergrond_nov-2021.png\",\"datePublished\":\"2018-11-29T10:44:05+00:00\",\"dateModified\":\"2025-03-10T14:36:52+00:00\",\"description\":\"Op Domaine en Birb\u00e8s zijn alle ingredi\u00ebnten aanwezig om een fantastisch verblijf; van een huwelijk tot bedrijfsuitje tot mountainbikereis\",\"breadcrumb\":{\"@id\":\"https:\\\/\\\/www.domaineenbirbes.com\\\/met-een-groep\\\/#breadcrumb\"},\"inLanguage\":\"fr-FR\",\"potentialAction\":[{\"@type\":\"ReadAction\",\"target\":[\"https:\\\/\\\/www.domaineenbirbes.com\\\/met-een-groep\\\/\"]}]},{\"@type\":\"ImageObject\",\"inLanguage\":\"fr-FR\",\"@id\":\"https:\\\/\\\/www.domaineenbirbes.com\\\/met-een-groep\\\/#primaryimage\",\"url\":\"https:\\\/\\\/www.domaineenbirbes.com\\\/wp-content\\\/uploads\\\/2021\\\/11\\\/logo-wit-met-petrol-achtergrond_nov-2021.png\",\"contentUrl\":\"https:\\\/\\\/www.domaineenbirbes.com\\\/wp-content\\\/uploads\\\/2021\\\/11\\\/logo-wit-met-petrol-achtergrond_nov-2021.png\"},{\"@type\":\"BreadcrumbList\",\"@id\":\"https:\\\/\\\/www.domaineenbirbes.com\\\/met-een-groep\\\/#breadcrumb\",\"itemListElement\":[{\"@type\":\"ListItem\",\"position\":1,\"name\":\"Home\",\"item\":\"https:\\\/\\\/www.domaineenbirbes.com\\\/\"},{\"@type\":\"ListItem\",\"position\":2,\"name\":\"Met een groep\"}]},{\"@type\":\"WebSite\",\"@id\":\"https:\\\/\\\/www.domaineenbirbes.com\\\/#website\",\"url\":\"https:\\\/\\\/www.domaineenbirbes.com\\\/\",\"name\":\"Domaine en birbes\",\"description\":\"g\u00eetes \u00b7 tentes de luxe \u00b7 chambres d&#039;h\u00f4tes\",\"potentialAction\":[{\"@type\":\"SearchAction\",\"target\":{\"@type\":\"EntryPoint\",\"urlTemplate\":\"https:\\\/\\\/www.domaineenbirbes.com\\\/?s={search_term_string}\"},\"query-input\":{\"@type\":\"PropertyValueSpecification\",\"valueRequired\":true,\"valueName\":\"search_term_string\"}}],\"inLanguage\":\"fr-FR\"}]}<\/script>\n<!-- \/ Yoast SEO plugin. -->","yoast_head_json":{"title":"Avec un groupe pour un s\u00e9jour fantastique sur mesure","description":"Au Domaine en Birb\u00e8s, tous les ingr\u00e9dients sont r\u00e9unis pour un s\u00e9jour fantastique; d'un mariage \u00e0 un s\u00e9minaire d'entreprise en passant par un voyage en VTT.","robots":{"index":"index","follow":"follow","max-snippet":"max-snippet:-1","max-image-preview":"max-image-preview:large","max-video-preview":"max-video-preview:-1"},"canonical":"https:\/\/www.domaineenbirbes.com\/fr\/met-een-groep\/","og_locale":"fr_FR","og_type":"article","og_title":"Met een groep voor een fantastisch verblijf op maat","og_description":"Op Domaine en Birb\u00e8s zijn alle ingredi\u00ebnten aanwezig om een fantastisch verblijf; van een huwelijk tot bedrijfsuitje tot mountainbikereis","og_url":"https:\/\/www.domaineenbirbes.com\/fr\/met-een-groep\/","og_site_name":"Domaine en birbes","article_modified_time":"2025-03-10T14:36:52+00:00","og_image":[{"width":367,"height":367,"url":"https:\/\/www.domaineenbirbes.com\/wp-content\/uploads\/2021\/11\/logo-wit-met-petrol-achtergrond_nov-2021.png","type":"image\/png"}],"twitter_card":"summary_large_image","twitter_misc":{"Dur\u00e9e de lecture estim\u00e9e":"2 minutes"},"schema":{"@context":"https:\/\/schema.org","@graph":[{"@type":"WebPage","@id":"https:\/\/www.domaineenbirbes.com\/met-een-groep\/","url":"https:\/\/www.domaineenbirbes.com\/met-een-groep\/","name":"Avec un groupe pour un s\u00e9jour fantastique sur mesure","isPartOf":{"@id":"https:\/\/www.domaineenbirbes.com\/#website"},"primaryImageOfPage":{"@id":"https:\/\/www.domaineenbirbes.com\/met-een-groep\/#primaryimage"},"image":{"@id":"https:\/\/www.domaineenbirbes.com\/met-een-groep\/#primaryimage"},"thumbnailUrl":"https:\/\/www.domaineenbirbes.com\/wp-content\/uploads\/2021\/11\/logo-wit-met-petrol-achtergrond_nov-2021.png","datePublished":"2018-11-29T10:44:05+00:00","dateModified":"2025-03-10T14:36:52+00:00","description":"Au Domaine en Birb\u00e8s, tous les ingr\u00e9dients sont r\u00e9unis pour un s\u00e9jour fantastique; d'un mariage \u00e0 un s\u00e9minaire d'entreprise en passant par un voyage en VTT.","breadcrumb":{"@id":"https:\/\/www.domaineenbirbes.com\/met-een-groep\/#breadcrumb"},"inLanguage":"fr-FR","potentialAction":[{"@type":"ReadAction","target":["https:\/\/www.domaineenbirbes.com\/met-een-groep\/"]}]},{"@type":"ImageObject","inLanguage":"fr-FR","@id":"https:\/\/www.domaineenbirbes.com\/met-een-groep\/#primaryimage","url":"https:\/\/www.domaineenbirbes.com\/wp-content\/uploads\/2021\/11\/logo-wit-met-petrol-achtergrond_nov-2021.png","contentUrl":"https:\/\/www.domaineenbirbes.com\/wp-content\/uploads\/2021\/11\/logo-wit-met-petrol-achtergrond_nov-2021.png"},{"@type":"BreadcrumbList","@id":"https:\/\/www.domaineenbirbes.com\/met-een-groep\/#breadcrumb","itemListElement":[{"@type":"ListItem","position":1,"name":"Home","item":"https:\/\/www.domaineenbirbes.com\/"},{"@type":"ListItem","position":2,"name":"Met een groep"}]},{"@type":"WebSite","@id":"https:\/\/www.domaineenbirbes.com\/#website","url":"https:\/\/www.domaineenbirbes.com\/","name":"Domaine en Birbes","description":"g\u00eetes \u00b7 tentes de luxe \u00b7 chambres d'h\u00f4tes","potentialAction":[{"@type":"SearchAction","target":{"@type":"EntryPoint","urlTemplate":"https:\/\/www.domaineenbirbes.com\/?s={search_term_string}"},"query-input":{"@type":"PropertyValueSpecification","valueRequired":true,"valueName":"search_term_string"}}],"inLanguage":"fr-FR"}]}},"_links":{"self":[{"href":"https:\/\/www.domaineenbirbes.com\/fr\/wp-json\/wp\/v2\/pages\/62","targetHints":{"allow":["GET"]}}],"collection":[{"href":"https:\/\/www.domaineenbirbes.com\/fr\/wp-json\/wp\/v2\/pages"}],"about":[{"href":"https:\/\/www.domaineenbirbes.com\/fr\/wp-json\/wp\/v2\/types\/page"}],"author":[{"embeddable":true,"href":"https:\/\/www.domaineenbirbes.com\/fr\/wp-json\/wp\/v2\/users\/1"}],"replies":[{"embeddable":true,"href":"https:\/\/www.domaineenbirbes.com\/fr\/wp-json\/wp\/v2\/comments?post=62"}],"version-history":[{"count":0,"href":"https:\/\/www.domaineenbirbes.com\/fr\/wp-json\/wp\/v2\/pages\/62\/revisions"}],"wp:attachment":[{"href":"https:\/\/www.domaineenbirbes.com\/fr\/wp-json\/wp\/v2\/media?parent=62"}],"curies":[{"name":"wp","href":"https:\/\/api.w.org\/{rel}","templated":true}]}}