{"id":60,"date":"2018-11-29T11:43:52","date_gmt":"2018-11-29T10:43:52","guid":{"rendered":"http:\/\/domaineenbirbes.com\/?page_id=60"},"modified":"2024-10-29T15:08:07","modified_gmt":"2024-10-29T14:08:07","slug":"met-zn-tweetjes","status":"publish","type":"page","link":"https:\/\/www.domaineenbirbes.com\/fr\/met-zn-tweetjes\/","title":{"rendered":"en couple"},"content":{"rendered":"<div data-elementor-type=\"wp-post\" data-elementor-id=\"60\" class=\"elementor elementor-60\" data-elementor-post-type=\"page\">\n\t\t\t\t\t\t<section class=\"elementor-section elementor-top-section elementor-element elementor-element-7bd9bc4 elementor-section-full_width elementor-section-items-bottom elementor-section-height-min-height elementor-section-height-default\" data-id=\"7bd9bc4\" data-element_type=\"section\" data-e-type=\"section\" data-settings=\"{&quot;background_background&quot;:&quot;classic&quot;}\">\n\t\t\t\t\t\t<div class=\"elementor-container elementor-column-gap-default\">\n\t\t\t\t\t<div class=\"elementor-column elementor-col-50 elementor-top-column elementor-element elementor-element-dce11f5\" data-id=\"dce11f5\" data-element_type=\"column\" data-e-type=\"column\">\n\t\t\t<div class=\"elementor-widget-wrap\">\n\t\t\t\t\t\t\t<\/div>\n\t\t<\/div>\n\t\t\t\t<div class=\"elementor-column elementor-col-50 elementor-top-column elementor-element elementor-element-e973ae4\" data-id=\"e973ae4\" data-element_type=\"column\" data-e-type=\"column\">\n\t\t\t<div class=\"elementor-widget-wrap elementor-element-populated\">\n\t\t\t\t\t\t<div class=\"elementor-element elementor-element-07a5590 elementor-widget elementor-widget-image\" data-id=\"07a5590\" data-element_type=\"widget\" data-e-type=\"widget\" data-widget_type=\"image.default\">\n\t\t\t\t<div class=\"elementor-widget-container\">\n\t\t\t\t\t\t\t\t\t\t\t\t\t\t\t<img fetchpriority=\"high\" decoding=\"async\" width=\"367\" height=\"367\" src=\"https:\/\/www.domaineenbirbes.com\/wp-content\/uploads\/2021\/11\/logo-wit-met-petrol-achtergrond_nov-2021.png\" class=\"attachment-full size-full wp-image-3861\" alt=\"\" srcset=\"https:\/\/www.domaineenbirbes.com\/wp-content\/uploads\/2021\/11\/logo-wit-met-petrol-achtergrond_nov-2021.png 367w, https:\/\/www.domaineenbirbes.com\/wp-content\/uploads\/2021\/11\/logo-wit-met-petrol-achtergrond_nov-2021-300x300.png 300w, https:\/\/www.domaineenbirbes.com\/wp-content\/uploads\/2021\/11\/logo-wit-met-petrol-achtergrond_nov-2021-150x150.png 150w, https:\/\/www.domaineenbirbes.com\/wp-content\/uploads\/2021\/11\/logo-wit-met-petrol-achtergrond_nov-2021-12x12.png 12w\" sizes=\"(max-width: 367px) 100vw, 367px\" \/>\t\t\t\t\t\t\t\t\t\t\t\t\t\t\t<\/div>\n\t\t\t\t<\/div>\n\t\t\t\t\t<\/div>\n\t\t<\/div>\n\t\t\t\t\t<\/div>\n\t\t<\/section>\n\t\t\t\t<section class=\"elementor-section elementor-top-section elementor-element elementor-element-b5f5f1e elementor-section-boxed elementor-section-height-default elementor-section-height-default\" data-id=\"b5f5f1e\" data-element_type=\"section\" data-e-type=\"section\">\n\t\t\t\t\t\t<div class=\"elementor-container elementor-column-gap-default\">\n\t\t\t\t\t<div class=\"elementor-column elementor-col-100 elementor-top-column elementor-element elementor-element-97ca2be\" data-id=\"97ca2be\" data-element_type=\"column\" data-e-type=\"column\">\n\t\t\t<div class=\"elementor-widget-wrap elementor-element-populated\">\n\t\t\t\t\t\t<div class=\"elementor-element elementor-element-45daacc elementor-widget elementor-widget-heading\" data-id=\"45daacc\" data-element_type=\"widget\" data-e-type=\"widget\" data-widget_type=\"heading.default\">\n\t\t\t\t<div class=\"elementor-widget-container\">\n\t\t\t\t\t<h3 class=\"elementor-heading-title elementor-size-default\">EN COUPLE<\/h3>\t\t\t\t<\/div>\n\t\t\t\t<\/div>\n\t\t\t\t\t<\/div>\n\t\t<\/div>\n\t\t\t\t\t<\/div>\n\t\t<\/section>\n\t\t\t\t<section class=\"elementor-section elementor-top-section elementor-element elementor-element-6d40558 elementor-section-boxed elementor-section-height-default elementor-section-height-default\" data-id=\"6d40558\" data-element_type=\"section\" data-e-type=\"section\">\n\t\t\t\t\t\t<div class=\"elementor-container elementor-column-gap-default\">\n\t\t\t\t\t<div class=\"elementor-column elementor-col-50 elementor-top-column elementor-element elementor-element-2ca6fcd\" data-id=\"2ca6fcd\" data-element_type=\"column\" data-e-type=\"column\" data-settings=\"{&quot;background_background&quot;:&quot;classic&quot;}\">\n\t\t\t<div class=\"elementor-widget-wrap elementor-element-populated\">\n\t\t\t\t\t\t<div class=\"elementor-element elementor-element-b77f43e elementor-widget elementor-widget-image\" data-id=\"b77f43e\" data-element_type=\"widget\" data-e-type=\"widget\" data-widget_type=\"image.default\">\n\t\t\t\t<div class=\"elementor-widget-container\">\n\t\t\t\t\t\t\t\t\t\t\t\t\t\t\t<img decoding=\"async\" width=\"1920\" height=\"1280\" src=\"https:\/\/www.domaineenbirbes.com\/wp-content\/uploads\/2020\/11\/Atelier-terras-2019.jpeg\" class=\"attachment-full size-full wp-image-2593\" alt=\"\" srcset=\"https:\/\/www.domaineenbirbes.com\/wp-content\/uploads\/2020\/11\/Atelier-terras-2019.jpeg 1920w, https:\/\/www.domaineenbirbes.com\/wp-content\/uploads\/2020\/11\/Atelier-terras-2019-300x200.jpeg 300w, https:\/\/www.domaineenbirbes.com\/wp-content\/uploads\/2020\/11\/Atelier-terras-2019-1024x683.jpeg 1024w, https:\/\/www.domaineenbirbes.com\/wp-content\/uploads\/2020\/11\/Atelier-terras-2019-768x512.jpeg 768w, https:\/\/www.domaineenbirbes.com\/wp-content\/uploads\/2020\/11\/Atelier-terras-2019-1536x1024.jpeg 1536w, https:\/\/www.domaineenbirbes.com\/wp-content\/uploads\/2020\/11\/Atelier-terras-2019-16x12.jpeg 16w\" sizes=\"(max-width: 1920px) 100vw, 1920px\" \/>\t\t\t\t\t\t\t\t\t\t\t\t\t\t\t<\/div>\n\t\t\t\t<\/div>\n\t\t\t\t\t<\/div>\n\t\t<\/div>\n\t\t\t\t<div class=\"elementor-column elementor-col-50 elementor-top-column elementor-element elementor-element-1969f10\" data-id=\"1969f10\" data-element_type=\"column\" data-e-type=\"column\" data-settings=\"{&quot;background_background&quot;:&quot;classic&quot;}\">\n\t\t\t<div class=\"elementor-widget-wrap elementor-element-populated\">\n\t\t\t\t\t\t<div class=\"elementor-element elementor-element-3ff82b2 elementor-widget elementor-widget-text-editor\" data-id=\"3ff82b2\" data-element_type=\"widget\" data-e-type=\"widget\" data-widget_type=\"text-editor.default\">\n\t\t\t\t<div class=\"elementor-widget-container\">\n\t\t\t\t\t\t\t\t\t<p>D\u00e9couvrez et explorez cette r\u00e9gion magnifique, authentique et tranquille du Sud de la France, et profitez d'un s\u00e9jour douillet et confortable \u00e0 Birb\u00e8s. Emmagasinez toute la beaut\u00e9 que cette r\u00e9gion a \u00e0 offrir, rien que tous les deux.<\/p><p>Au Domaine, vous ferez l'exp\u00e9rience de la tranquillit\u00e9 et de l'espace et vous logerez dans le romantique Atelier, dans l'un des confortables g\u00eetes ou dans une tente de safari.<\/p><p>Plusieurs fois par semaine (en fonction de la saison et de la demande), il vous est possible de joindre notre table d'h\u00f4tes, et d'ainsi profiter d'une soir\u00e9e culinaire accompagn\u00e9e d'une conversation agr\u00e9able, dans une atmosph\u00e8re d\u00e9tendue et chaleureuse.<\/p>\t\t\t\t\t\t\t\t<\/div>\n\t\t\t\t<\/div>\n\t\t\t\t<div class=\"elementor-element elementor-element-b6a54dc elementor-align-left elementor-widget elementor-widget-button\" data-id=\"b6a54dc\" data-element_type=\"widget\" data-e-type=\"widget\" data-widget_type=\"button.default\">\n\t\t\t\t<div class=\"elementor-widget-container\">\n\t\t\t\t\t\t\t\t\t<div class=\"elementor-button-wrapper\">\n\t\t\t\t\t<a class=\"elementor-button elementor-button-link elementor-size-sm elementor-animation-grow\" href=\"https:\/\/www.domaineenbirbes.com\/fr\/accommodatie\/\">\n\t\t\t\t\t\t<span class=\"elementor-button-content-wrapper\">\n\t\t\t\t\t\t<span class=\"elementor-button-icon\">\n\t\t\t\t\t\t\t\t\t<i class=\"fa fa-angle-right\" aria-hidden=\"true\"><\/i>\n\t\t\t\t\t\t\t<\/span>\n\t\t\t\t\t\t\t\t\t<span class=\"elementor-button-text\">h\u00e9bergement<\/span>\n\t\t\t\t\t<\/span>\n\t\t\t\t\t<\/a>\n\t\t\t\t<\/div>\n\t\t\t\t\t\t\t\t<\/div>\n\t\t\t\t<\/div>\n\t\t\t\t\t<\/div>\n\t\t<\/div>\n\t\t\t\t\t<\/div>\n\t\t<\/section>\n\t\t\t\t<section class=\"elementor-section elementor-top-section elementor-element elementor-element-729d5f2b elementor-section-full_width elementor-section-height-default elementor-section-height-default\" data-id=\"729d5f2b\" data-element_type=\"section\" data-e-type=\"section\">\n\t\t\t\t\t\t<div class=\"elementor-container elementor-column-gap-default\">\n\t\t\t\t\t<div class=\"elementor-column elementor-col-100 elementor-top-column elementor-element elementor-element-d0a57dd\" data-id=\"d0a57dd\" data-element_type=\"column\" data-e-type=\"column\">\n\t\t\t<div class=\"elementor-widget-wrap elementor-element-populated\">\n\t\t\t\t\t\t<div class=\"elementor-element elementor-element-78f7a98e elementor--h-position-center elementor--v-position-middle elementor-widget elementor-widget-slides\" data-id=\"78f7a98e\" data-element_type=\"widget\" data-e-type=\"widget\" data-settings=\"{&quot;navigation&quot;:&quot;none&quot;,&quot;transition&quot;:&quot;slide&quot;,&quot;transition_speed&quot;:500}\" data-widget_type=\"slides.default\">\n\t\t\t\t<div class=\"elementor-widget-container\">\n\t\t\t\t\t\t\t\t\t<div class=\"elementor-swiper\">\n\t\t\t\t\t<div class=\"elementor-slides-wrapper elementor-main-swiper swiper\" role=\"region\" aria-roledescription=\"carousel\" aria-label=\"Slides\" dir=\"ltr\" data-animation=\"fadeInUp\" data-no-translation-aria-label=\"\">\n\t\t\t\t<div class=\"swiper-wrapper elementor-slides\">\n\t\t\t\t\t\t\t\t\t\t<div class=\"elementor-repeater-item-9ca9bf3 swiper-slide\" role=\"group\" aria-roledescription=\"slide\"><div class=\"swiper-slide-bg\" role=\"img\" aria-label=\"met zn twee-footer-vrouw in hangmat-min\"><\/div><div class=\"swiper-slide-inner\" ><div class=\"swiper-slide-contents\"><\/div><\/div><\/div>\t\t\t\t<\/div>\n\t\t\t\t\t\t\t<\/div>\n\t\t\t\t<\/div>\n\t\t\t\t\t\t\t\t<\/div>\n\t\t\t\t<\/div>\n\t\t\t\t\t<\/div>\n\t\t<\/div>\n\t\t\t\t\t<\/div>\n\t\t<\/section>\n\t\t\t\t<\/div>","protected":false},"excerpt":{"rendered":"<p>MET Z&#8217;N TWEETJES Ontdek en beleef dit prachtige, authentieke en nog rustige deel van Zuid-Frankrijk en kies voor een gezellig en comfortabel verblijf op Birb\u00e8s. Geniet heerlijk met zijn tweetjes van al het moois dat de omgeving te bieden heeft. Op het Domaine ervaar je de rust en de ruimte en logeer je in het [&hellip;]<\/p>\n","protected":false},"author":1,"featured_media":0,"parent":0,"menu_order":2,"comment_status":"closed","ping_status":"closed","template":"","meta":{"_monsterinsights_skip_tracking":false,"_monsterinsights_sitenote_active":false,"_monsterinsights_sitenote_note":"","_monsterinsights_sitenote_category":0,"site-sidebar-layout":"no-sidebar","site-content-layout":"page-builder","ast-site-content-layout":"default","site-content-style":"default","site-sidebar-style":"default","ast-global-header-display":"","ast-banner-title-visibility":"","ast-main-header-display":"disabled","ast-hfb-above-header-display":"","ast-hfb-below-header-display":"","ast-hfb-mobile-header-display":"","site-post-title":"disabled","ast-breadcrumbs-content":"","ast-featured-img":"disabled","footer-sml-layout":"","ast-disable-related-posts":"","theme-transparent-header-meta":"default","adv-header-id-meta":"","stick-header-meta":"","header-above-stick-meta":"","header-main-stick-meta":"","header-below-stick-meta":"","astra-migrate-meta-layouts":"default","ast-page-background-enabled":"default","ast-page-background-meta":{"desktop":{"background-color":"","background-image":"","background-repeat":"repeat","background-position":"center center","background-size":"auto","background-attachment":"scroll","background-type":"","background-media":"","overlay-type":"","overlay-color":"","overlay-opacity":"","overlay-gradient":""},"tablet":{"background-color":"","background-image":"","background-repeat":"repeat","background-position":"center center","background-size":"auto","background-attachment":"scroll","background-type":"","background-media":"","overlay-type":"","overlay-color":"","overlay-opacity":"","overlay-gradient":""},"mobile":{"background-color":"","background-image":"","background-repeat":"repeat","background-position":"center center","background-size":"auto","background-attachment":"scroll","background-type":"","background-media":"","overlay-type":"","overlay-color":"","overlay-opacity":"","overlay-gradient":""}},"ast-content-background-meta":{"desktop":{"background-color":"var(--ast-global-color-5)","background-image":"","background-repeat":"repeat","background-position":"center center","background-size":"auto","background-attachment":"scroll","background-type":"","background-media":"","overlay-type":"","overlay-color":"","overlay-opacity":"","overlay-gradient":""},"tablet":{"background-color":"var(--ast-global-color-5)","background-image":"","background-repeat":"repeat","background-position":"center center","background-size":"auto","background-attachment":"scroll","background-type":"","background-media":"","overlay-type":"","overlay-color":"","overlay-opacity":"","overlay-gradient":""},"mobile":{"background-color":"var(--ast-global-color-5)","background-image":"","background-repeat":"repeat","background-position":"center center","background-size":"auto","background-attachment":"scroll","background-type":"","background-media":"","overlay-type":"","overlay-color":"","overlay-opacity":"","overlay-gradient":""}},"footnotes":""},"class_list":["post-60","page","type-page","status-publish","hentry"],"yoast_head":"<!-- This site is optimized with the Yoast SEO plugin v27.3 - https:\/\/yoast.com\/product\/yoast-seo-wordpress\/ -->\n<title>Met z&#039;n tweetjes verblijven in een g\u00eete of \u2018Les Chambres&#039;<\/title>\n<meta name=\"description\" content=\"Kom naar Domaine en Birb\u00e8s en kies voor een gezellig en comfortabel verblijf, ervaar de rust en de ruimte en geniet van de mooie omgeving.\" \/>\n<meta name=\"robots\" content=\"index, follow, max-snippet:-1, max-image-preview:large, max-video-preview:-1\" \/>\n<link rel=\"canonical\" href=\"https:\/\/www.domaineenbirbes.com\/fr\/met-zn-tweetjes\/\" \/>\n<meta property=\"og:locale\" content=\"fr_FR\" \/>\n<meta property=\"og:type\" content=\"article\" \/>\n<meta property=\"og:title\" content=\"Met z&#039;n tweetjes verblijven in een g\u00eete of \u2018Les Chambres&#039;\" \/>\n<meta property=\"og:description\" content=\"Kom naar Domaine en Birb\u00e8s en kies voor een gezellig en comfortabel verblijf, ervaar de rust en de ruimte en geniet van de mooie omgeving.\" \/>\n<meta property=\"og:url\" content=\"https:\/\/www.domaineenbirbes.com\/fr\/met-zn-tweetjes\/\" \/>\n<meta property=\"og:site_name\" content=\"Domaine en birbes\" \/>\n<meta property=\"article:modified_time\" content=\"2024-10-29T14:08:07+00:00\" \/>\n<meta property=\"og:image\" content=\"https:\/\/www.domaineenbirbes.com\/wp-content\/uploads\/2021\/11\/logo-wit-met-petrol-achtergrond_nov-2021.png\" \/>\n\t<meta property=\"og:image:width\" content=\"367\" \/>\n\t<meta property=\"og:image:height\" content=\"367\" \/>\n\t<meta property=\"og:image:type\" content=\"image\/png\" \/>\n<meta name=\"twitter:card\" content=\"summary_large_image\" \/>\n<meta name=\"twitter:label1\" content=\"Dur\u00e9e de lecture estim\u00e9e\" \/>\n\t<meta name=\"twitter:data1\" content=\"1 minute\" \/>\n<script type=\"application\/ld+json\" class=\"yoast-schema-graph\">{\"@context\":\"https:\\\/\\\/schema.org\",\"@graph\":[{\"@type\":\"WebPage\",\"@id\":\"https:\\\/\\\/www.domaineenbirbes.com\\\/met-zn-tweetjes\\\/\",\"url\":\"https:\\\/\\\/www.domaineenbirbes.com\\\/met-zn-tweetjes\\\/\",\"name\":\"Met z'n tweetjes verblijven in een g\u00eete of \u2018Les Chambres'\",\"isPartOf\":{\"@id\":\"https:\\\/\\\/www.domaineenbirbes.com\\\/#website\"},\"primaryImageOfPage\":{\"@id\":\"https:\\\/\\\/www.domaineenbirbes.com\\\/met-zn-tweetjes\\\/#primaryimage\"},\"image\":{\"@id\":\"https:\\\/\\\/www.domaineenbirbes.com\\\/met-zn-tweetjes\\\/#primaryimage\"},\"thumbnailUrl\":\"https:\\\/\\\/www.domaineenbirbes.com\\\/wp-content\\\/uploads\\\/2021\\\/11\\\/logo-wit-met-petrol-achtergrond_nov-2021.png\",\"datePublished\":\"2018-11-29T10:43:52+00:00\",\"dateModified\":\"2024-10-29T14:08:07+00:00\",\"description\":\"Kom naar Domaine en Birb\u00e8s en kies voor een gezellig en comfortabel verblijf, ervaar de rust en de ruimte en geniet van de mooie omgeving.\",\"breadcrumb\":{\"@id\":\"https:\\\/\\\/www.domaineenbirbes.com\\\/met-zn-tweetjes\\\/#breadcrumb\"},\"inLanguage\":\"fr-FR\",\"potentialAction\":[{\"@type\":\"ReadAction\",\"target\":[\"https:\\\/\\\/www.domaineenbirbes.com\\\/met-zn-tweetjes\\\/\"]}]},{\"@type\":\"ImageObject\",\"inLanguage\":\"fr-FR\",\"@id\":\"https:\\\/\\\/www.domaineenbirbes.com\\\/met-zn-tweetjes\\\/#primaryimage\",\"url\":\"https:\\\/\\\/www.domaineenbirbes.com\\\/wp-content\\\/uploads\\\/2021\\\/11\\\/logo-wit-met-petrol-achtergrond_nov-2021.png\",\"contentUrl\":\"https:\\\/\\\/www.domaineenbirbes.com\\\/wp-content\\\/uploads\\\/2021\\\/11\\\/logo-wit-met-petrol-achtergrond_nov-2021.png\"},{\"@type\":\"BreadcrumbList\",\"@id\":\"https:\\\/\\\/www.domaineenbirbes.com\\\/met-zn-tweetjes\\\/#breadcrumb\",\"itemListElement\":[{\"@type\":\"ListItem\",\"position\":1,\"name\":\"Home\",\"item\":\"https:\\\/\\\/www.domaineenbirbes.com\\\/\"},{\"@type\":\"ListItem\",\"position\":2,\"name\":\"Met z&#8217;n tweetjes\"}]},{\"@type\":\"WebSite\",\"@id\":\"https:\\\/\\\/www.domaineenbirbes.com\\\/#website\",\"url\":\"https:\\\/\\\/www.domaineenbirbes.com\\\/\",\"name\":\"Domaine en birbes\",\"description\":\"g\u00eetes \u00b7 tentes de luxe \u00b7 chambres d&#039;h\u00f4tes\",\"potentialAction\":[{\"@type\":\"SearchAction\",\"target\":{\"@type\":\"EntryPoint\",\"urlTemplate\":\"https:\\\/\\\/www.domaineenbirbes.com\\\/?s={search_term_string}\"},\"query-input\":{\"@type\":\"PropertyValueSpecification\",\"valueRequired\":true,\"valueName\":\"search_term_string\"}}],\"inLanguage\":\"fr-FR\"}]}<\/script>\n<!-- \/ Yoast SEO plugin. -->","yoast_head_json":{"title":"Met z'n tweetjes verblijven in een g\u00eete of \u2018Les Chambres'","description":"Kom naar Domaine en Birb\u00e8s en kies voor een gezellig en comfortabel verblijf, ervaar de rust en de ruimte en geniet van de mooie omgeving.","robots":{"index":"index","follow":"follow","max-snippet":"max-snippet:-1","max-image-preview":"max-image-preview:large","max-video-preview":"max-video-preview:-1"},"canonical":"https:\/\/www.domaineenbirbes.com\/fr\/met-zn-tweetjes\/","og_locale":"fr_FR","og_type":"article","og_title":"Met z'n tweetjes verblijven in een g\u00eete of \u2018Les Chambres'","og_description":"Kom naar Domaine en Birb\u00e8s en kies voor een gezellig en comfortabel verblijf, ervaar de rust en de ruimte en geniet van de mooie omgeving.","og_url":"https:\/\/www.domaineenbirbes.com\/fr\/met-zn-tweetjes\/","og_site_name":"Domaine en birbes","article_modified_time":"2024-10-29T14:08:07+00:00","og_image":[{"width":367,"height":367,"url":"https:\/\/www.domaineenbirbes.com\/wp-content\/uploads\/2021\/11\/logo-wit-met-petrol-achtergrond_nov-2021.png","type":"image\/png"}],"twitter_card":"summary_large_image","twitter_misc":{"Dur\u00e9e de lecture estim\u00e9e":"1 minute"},"schema":{"@context":"https:\/\/schema.org","@graph":[{"@type":"WebPage","@id":"https:\/\/www.domaineenbirbes.com\/met-zn-tweetjes\/","url":"https:\/\/www.domaineenbirbes.com\/met-zn-tweetjes\/","name":"Met z'n tweetjes verblijven in een g\u00eete of \u2018Les Chambres'","isPartOf":{"@id":"https:\/\/www.domaineenbirbes.com\/#website"},"primaryImageOfPage":{"@id":"https:\/\/www.domaineenbirbes.com\/met-zn-tweetjes\/#primaryimage"},"image":{"@id":"https:\/\/www.domaineenbirbes.com\/met-zn-tweetjes\/#primaryimage"},"thumbnailUrl":"https:\/\/www.domaineenbirbes.com\/wp-content\/uploads\/2021\/11\/logo-wit-met-petrol-achtergrond_nov-2021.png","datePublished":"2018-11-29T10:43:52+00:00","dateModified":"2024-10-29T14:08:07+00:00","description":"Kom naar Domaine en Birb\u00e8s en kies voor een gezellig en comfortabel verblijf, ervaar de rust en de ruimte en geniet van de mooie omgeving.","breadcrumb":{"@id":"https:\/\/www.domaineenbirbes.com\/met-zn-tweetjes\/#breadcrumb"},"inLanguage":"fr-FR","potentialAction":[{"@type":"ReadAction","target":["https:\/\/www.domaineenbirbes.com\/met-zn-tweetjes\/"]}]},{"@type":"ImageObject","inLanguage":"fr-FR","@id":"https:\/\/www.domaineenbirbes.com\/met-zn-tweetjes\/#primaryimage","url":"https:\/\/www.domaineenbirbes.com\/wp-content\/uploads\/2021\/11\/logo-wit-met-petrol-achtergrond_nov-2021.png","contentUrl":"https:\/\/www.domaineenbirbes.com\/wp-content\/uploads\/2021\/11\/logo-wit-met-petrol-achtergrond_nov-2021.png"},{"@type":"BreadcrumbList","@id":"https:\/\/www.domaineenbirbes.com\/met-zn-tweetjes\/#breadcrumb","itemListElement":[{"@type":"ListItem","position":1,"name":"Home","item":"https:\/\/www.domaineenbirbes.com\/"},{"@type":"ListItem","position":2,"name":"Met z&#8217;n tweetjes"}]},{"@type":"WebSite","@id":"https:\/\/www.domaineenbirbes.com\/#website","url":"https:\/\/www.domaineenbirbes.com\/","name":"Domaine en birbes","description":"g\u00eetes \u00b7 tentes de luxe \u00b7 chambres d&#039;h\u00f4tes","potentialAction":[{"@type":"SearchAction","target":{"@type":"EntryPoint","urlTemplate":"https:\/\/www.domaineenbirbes.com\/?s={search_term_string}"},"query-input":{"@type":"PropertyValueSpecification","valueRequired":true,"valueName":"search_term_string"}}],"inLanguage":"fr-FR"}]}},"_links":{"self":[{"href":"https:\/\/www.domaineenbirbes.com\/fr\/wp-json\/wp\/v2\/pages\/60","targetHints":{"allow":["GET"]}}],"collection":[{"href":"https:\/\/www.domaineenbirbes.com\/fr\/wp-json\/wp\/v2\/pages"}],"about":[{"href":"https:\/\/www.domaineenbirbes.com\/fr\/wp-json\/wp\/v2\/types\/page"}],"author":[{"embeddable":true,"href":"https:\/\/www.domaineenbirbes.com\/fr\/wp-json\/wp\/v2\/users\/1"}],"replies":[{"embeddable":true,"href":"https:\/\/www.domaineenbirbes.com\/fr\/wp-json\/wp\/v2\/comments?post=60"}],"version-history":[{"count":0,"href":"https:\/\/www.domaineenbirbes.com\/fr\/wp-json\/wp\/v2\/pages\/60\/revisions"}],"wp:attachment":[{"href":"https:\/\/www.domaineenbirbes.com\/fr\/wp-json\/wp\/v2\/media?parent=60"}],"curies":[{"name":"wp","href":"https:\/\/api.w.org\/{rel}","templated":true}]}}