{"id":57,"date":"2018-11-29T11:43:32","date_gmt":"2018-11-29T10:43:32","guid":{"rendered":"http:\/\/domaineenbirbes.com\/?page_id=57"},"modified":"2022-01-03T15:17:02","modified_gmt":"2022-01-03T14:17:02","slug":"met-het-gezin","status":"publish","type":"page","link":"https:\/\/www.domaineenbirbes.com\/fr\/met-het-gezin\/","title":{"rendered":"en famille"},"content":{"rendered":"<div data-elementor-type=\"wp-post\" data-elementor-id=\"57\" class=\"elementor elementor-57\" data-elementor-post-type=\"page\">\n\t\t\t\t\t\t<section class=\"elementor-section elementor-top-section elementor-element elementor-element-bee6c08 elementor-section-full_width elementor-section-height-min-height elementor-section-items-bottom elementor-section-height-default\" data-id=\"bee6c08\" data-element_type=\"section\" data-e-type=\"section\" data-settings=\"{&quot;background_background&quot;:&quot;classic&quot;}\">\n\t\t\t\t\t\t<div class=\"elementor-container elementor-column-gap-default\">\n\t\t\t\t\t<div class=\"elementor-column elementor-col-50 elementor-top-column elementor-element elementor-element-2a553e2\" data-id=\"2a553e2\" data-element_type=\"column\" data-e-type=\"column\">\n\t\t\t<div class=\"elementor-widget-wrap\">\n\t\t\t\t\t\t\t<\/div>\n\t\t<\/div>\n\t\t\t\t<div class=\"elementor-column elementor-col-50 elementor-top-column elementor-element elementor-element-8af7358\" data-id=\"8af7358\" data-element_type=\"column\" data-e-type=\"column\">\n\t\t\t<div class=\"elementor-widget-wrap elementor-element-populated\">\n\t\t\t\t\t\t<div class=\"elementor-element elementor-element-4f343e9 elementor-widget elementor-widget-image\" data-id=\"4f343e9\" data-element_type=\"widget\" data-e-type=\"widget\" data-widget_type=\"image.default\">\n\t\t\t\t<div class=\"elementor-widget-container\">\n\t\t\t\t\t\t\t\t\t\t\t\t\t\t\t<img fetchpriority=\"high\" decoding=\"async\" width=\"367\" height=\"367\" src=\"https:\/\/www.domaineenbirbes.com\/wp-content\/uploads\/2021\/11\/logo-wit-met-petrol-achtergrond_nov-2021.png\" class=\"attachment-full size-full wp-image-3861\" alt=\"\" srcset=\"https:\/\/www.domaineenbirbes.com\/wp-content\/uploads\/2021\/11\/logo-wit-met-petrol-achtergrond_nov-2021.png 367w, https:\/\/www.domaineenbirbes.com\/wp-content\/uploads\/2021\/11\/logo-wit-met-petrol-achtergrond_nov-2021-300x300.png 300w, https:\/\/www.domaineenbirbes.com\/wp-content\/uploads\/2021\/11\/logo-wit-met-petrol-achtergrond_nov-2021-150x150.png 150w, https:\/\/www.domaineenbirbes.com\/wp-content\/uploads\/2021\/11\/logo-wit-met-petrol-achtergrond_nov-2021-12x12.png 12w\" sizes=\"(max-width: 367px) 100vw, 367px\" \/>\t\t\t\t\t\t\t\t\t\t\t\t\t\t\t<\/div>\n\t\t\t\t<\/div>\n\t\t\t\t\t<\/div>\n\t\t<\/div>\n\t\t\t\t\t<\/div>\n\t\t<\/section>\n\t\t\t\t<section class=\"elementor-section elementor-top-section elementor-element elementor-element-bafa3a1 elementor-section-boxed elementor-section-height-default elementor-section-height-default\" data-id=\"bafa3a1\" data-element_type=\"section\" data-e-type=\"section\">\n\t\t\t\t\t\t<div class=\"elementor-container elementor-column-gap-default\">\n\t\t\t\t\t<div class=\"elementor-column elementor-col-100 elementor-top-column elementor-element elementor-element-9b9127f\" data-id=\"9b9127f\" data-element_type=\"column\" data-e-type=\"column\">\n\t\t\t<div class=\"elementor-widget-wrap elementor-element-populated\">\n\t\t\t\t\t\t<div class=\"elementor-element elementor-element-e60b238 elementor-widget elementor-widget-heading\" data-id=\"e60b238\" data-element_type=\"widget\" data-e-type=\"widget\" data-widget_type=\"heading.default\">\n\t\t\t\t<div class=\"elementor-widget-container\">\n\t\t\t\t\t<h3 class=\"elementor-heading-title elementor-size-default\">EN FAMILLE<\/h3>\t\t\t\t<\/div>\n\t\t\t\t<\/div>\n\t\t\t\t\t<\/div>\n\t\t<\/div>\n\t\t\t\t\t<\/div>\n\t\t<\/section>\n\t\t\t\t<section class=\"elementor-section elementor-top-section elementor-element elementor-element-705fcb6 elementor-section-boxed elementor-section-height-default elementor-section-height-default\" data-id=\"705fcb6\" data-element_type=\"section\" data-e-type=\"section\">\n\t\t\t\t\t\t<div class=\"elementor-container elementor-column-gap-default\">\n\t\t\t\t\t<div class=\"elementor-column elementor-col-50 elementor-top-column elementor-element elementor-element-48b0591\" data-id=\"48b0591\" data-element_type=\"column\" data-e-type=\"column\" data-settings=\"{&quot;background_background&quot;:&quot;classic&quot;}\">\n\t\t\t<div class=\"elementor-widget-wrap elementor-element-populated\">\n\t\t\t\t\t\t<div class=\"elementor-element elementor-element-021e8e6 elementor-widget elementor-widget-image\" data-id=\"021e8e6\" data-element_type=\"widget\" data-e-type=\"widget\" data-widget_type=\"image.default\">\n\t\t\t\t<div class=\"elementor-widget-container\">\n\t\t\t\t\t\t\t\t\t\t\t\t\t\t\t<img decoding=\"async\" width=\"750\" height=\"483\" src=\"https:\/\/www.domaineenbirbes.com\/wp-content\/uploads\/2020\/11\/kids-op-schommel-e1641208592883.jpg\" class=\"attachment-full size-full wp-image-2613\" alt=\"\" \/>\t\t\t\t\t\t\t\t\t\t\t\t\t\t\t<\/div>\n\t\t\t\t<\/div>\n\t\t\t\t\t<\/div>\n\t\t<\/div>\n\t\t\t\t<div class=\"elementor-column elementor-col-50 elementor-top-column elementor-element elementor-element-9e46a59\" data-id=\"9e46a59\" data-element_type=\"column\" data-e-type=\"column\" data-settings=\"{&quot;background_background&quot;:&quot;classic&quot;}\">\n\t\t\t<div class=\"elementor-widget-wrap elementor-element-populated\">\n\t\t\t\t\t\t<div class=\"elementor-element elementor-element-bf13f6a elementor-widget elementor-widget-text-editor\" data-id=\"bf13f6a\" data-element_type=\"widget\" data-e-type=\"widget\" data-widget_type=\"text-editor.default\">\n\t\t\t\t<div class=\"elementor-widget-container\">\n\t\t\t\t\t\t\t\t\t<p>Il y a un inconv\u00e9nient pour votre famille \u00e0 Birb\u00e8s...<\/p>\n<p>Si cela ne tenait qu'\u00e0 eux, vos enfants ne quitteraient jamais le Domaine!\nIci, ils peuvent jouer pendant des journ\u00e9es enti\u00e8res avec les amis qu'ils se sont faits \u00e0 la piscine, sur le trampoline, \u00e0 la table de ping-pong ou dans les cabanes de jardin.<\/p>\n<p>Si vous souhaitez aller vous balader, alors visitez un march\u00e9 local, un village idyllique dans la r\u00e9gion ou l'une des merveilleuses plages. Pour les enfants plus \u00e2g\u00e9s, il y a aussi beaucoup \u00e0 faire! Du v\u00e9lo (\u00e0 louer sur Birb\u00e8s), de l'acrobranche au parc forestier, des sports nautiques tels que le cano\u00eb, le ski nautique, le rafting, mais aussi visiter le ch\u00e2teau de Carcassonne ou encore aller faire du shopping \u00e0 Toulouse!<\/p>\n<p>Que vous choisissiez une tente de safari ou un g\u00eete, la petite taille, la convivialit\u00e9 et la familiarit\u00e9 font de Birb\u00e8s une adresse de vacances id\u00e9ale pour les parents et les enfants !<\/p>\t\t\t\t\t\t\t\t<\/div>\n\t\t\t\t<\/div>\n\t\t\t\t<div class=\"elementor-element elementor-element-6ce5645 elementor-align-left elementor-widget elementor-widget-button\" data-id=\"6ce5645\" data-element_type=\"widget\" data-e-type=\"widget\" data-widget_type=\"button.default\">\n\t\t\t\t<div class=\"elementor-widget-container\">\n\t\t\t\t\t\t\t\t\t<div class=\"elementor-button-wrapper\">\n\t\t\t\t\t<a class=\"elementor-button elementor-button-link elementor-size-sm elementor-animation-grow\" href=\"https:\/\/www.domaineenbirbes.com\/fr\/accommodatie\/\">\n\t\t\t\t\t\t<span class=\"elementor-button-content-wrapper\">\n\t\t\t\t\t\t<span class=\"elementor-button-icon\">\n\t\t\t\t\t\t\t\t\t<i class=\"fa fa-angle-right\" aria-hidden=\"true\"><\/i>\n\t\t\t\t\t\t\t<\/span>\n\t\t\t\t\t\t\t\t\t<span class=\"elementor-button-text\">h\u00e9bergement<\/span>\n\t\t\t\t\t<\/span>\n\t\t\t\t\t<\/a>\n\t\t\t\t<\/div>\n\t\t\t\t\t\t\t\t<\/div>\n\t\t\t\t<\/div>\n\t\t\t\t\t<\/div>\n\t\t<\/div>\n\t\t\t\t\t<\/div>\n\t\t<\/section>\n\t\t\t\t<section class=\"elementor-section elementor-top-section elementor-element elementor-element-e861152 elementor-section-height-min-height elementor-section-boxed elementor-section-height-default elementor-section-items-middle\" data-id=\"e861152\" data-element_type=\"section\" data-e-type=\"section\" data-settings=\"{&quot;background_background&quot;:&quot;classic&quot;}\">\n\t\t\t\t\t\t<div class=\"elementor-container elementor-column-gap-default\">\n\t\t\t\t\t<div class=\"elementor-column elementor-col-100 elementor-top-column elementor-element elementor-element-7145a54\" data-id=\"7145a54\" data-element_type=\"column\" data-e-type=\"column\">\n\t\t\t<div class=\"elementor-widget-wrap\">\n\t\t\t\t\t\t\t<\/div>\n\t\t<\/div>\n\t\t\t\t\t<\/div>\n\t\t<\/section>\n\t\t\t\t<\/div>","protected":false},"excerpt":{"rendered":"<p>MET HET GEZIN Er is \u00e9\u00e9n nadeel aan het verblijf op Birb\u00e8s met je kinderen\u2026 Als het aan hen ligt, gaan ze gedurende de vakantie niet meer van het Domaine. Ze spelen hier dagenlang met vriendjes en vriendinnetjes in het zwembad, op de trampoline, bij de tafeltennistafel of al hutten bouwend. Krijg je ze mee, [&hellip;]<\/p>\n","protected":false},"author":1,"featured_media":0,"parent":0,"menu_order":1,"comment_status":"closed","ping_status":"closed","template":"","meta":{"_monsterinsights_skip_tracking":false,"_monsterinsights_sitenote_active":false,"_monsterinsights_sitenote_note":"","_monsterinsights_sitenote_category":0,"site-sidebar-layout":"no-sidebar","site-content-layout":"page-builder","ast-site-content-layout":"default","site-content-style":"default","site-sidebar-style":"default","ast-global-header-display":"","ast-banner-title-visibility":"","ast-main-header-display":"disabled","ast-hfb-above-header-display":"","ast-hfb-below-header-display":"","ast-hfb-mobile-header-display":"","site-post-title":"disabled","ast-breadcrumbs-content":"","ast-featured-img":"disabled","footer-sml-layout":"","ast-disable-related-posts":"","theme-transparent-header-meta":"default","adv-header-id-meta":"","stick-header-meta":"","header-above-stick-meta":"","header-main-stick-meta":"","header-below-stick-meta":"","astra-migrate-meta-layouts":"default","ast-page-background-enabled":"default","ast-page-background-meta":{"desktop":{"background-color":"","background-image":"","background-repeat":"repeat","background-position":"center center","background-size":"auto","background-attachment":"scroll","background-type":"","background-media":"","overlay-type":"","overlay-color":"","overlay-opacity":"","overlay-gradient":""},"tablet":{"background-color":"","background-image":"","background-repeat":"repeat","background-position":"center center","background-size":"auto","background-attachment":"scroll","background-type":"","background-media":"","overlay-type":"","overlay-color":"","overlay-opacity":"","overlay-gradient":""},"mobile":{"background-color":"","background-image":"","background-repeat":"repeat","background-position":"center center","background-size":"auto","background-attachment":"scroll","background-type":"","background-media":"","overlay-type":"","overlay-color":"","overlay-opacity":"","overlay-gradient":""}},"ast-content-background-meta":{"desktop":{"background-color":"var(--ast-global-color-5)","background-image":"","background-repeat":"repeat","background-position":"center center","background-size":"auto","background-attachment":"scroll","background-type":"","background-media":"","overlay-type":"","overlay-color":"","overlay-opacity":"","overlay-gradient":""},"tablet":{"background-color":"var(--ast-global-color-5)","background-image":"","background-repeat":"repeat","background-position":"center center","background-size":"auto","background-attachment":"scroll","background-type":"","background-media":"","overlay-type":"","overlay-color":"","overlay-opacity":"","overlay-gradient":""},"mobile":{"background-color":"var(--ast-global-color-5)","background-image":"","background-repeat":"repeat","background-position":"center center","background-size":"auto","background-attachment":"scroll","background-type":"","background-media":"","overlay-type":"","overlay-color":"","overlay-opacity":"","overlay-gradient":""}},"footnotes":""},"class_list":["post-57","page","type-page","status-publish","hentry"],"yoast_head":"<!-- This site is optimized with the Yoast SEO plugin v27.3 - https:\/\/yoast.com\/product\/yoast-seo-wordpress\/ -->\n<title>Met het gezin verblijven in een safaritent, een g\u00eete of \u2018Les Chambres&#039;<\/title>\n<meta name=\"description\" content=\"Welke accommodatie je ook kiest, de kleinschaligheid, gezelligheid en de vertrouwdheid maken Birb\u00e8s tot een ideaal vakantieadres voor ouders \u00e9n kinderen!\" \/>\n<meta name=\"robots\" content=\"index, follow, max-snippet:-1, max-image-preview:large, max-video-preview:-1\" \/>\n<link rel=\"canonical\" href=\"https:\/\/www.domaineenbirbes.com\/fr\/met-het-gezin\/\" \/>\n<meta property=\"og:locale\" content=\"fr_FR\" \/>\n<meta property=\"og:type\" content=\"article\" \/>\n<meta property=\"og:title\" content=\"Met het gezin verblijven in een safaritent, een g\u00eete of \u2018Les Chambres&#039;\" \/>\n<meta property=\"og:description\" content=\"Welke accommodatie je ook kiest, de kleinschaligheid, gezelligheid en de vertrouwdheid maken Birb\u00e8s tot een ideaal vakantieadres voor ouders \u00e9n kinderen!\" \/>\n<meta property=\"og:url\" content=\"https:\/\/www.domaineenbirbes.com\/fr\/met-het-gezin\/\" \/>\n<meta property=\"og:site_name\" content=\"Domaine en birbes\" \/>\n<meta property=\"article:modified_time\" content=\"2022-01-03T14:17:02+00:00\" \/>\n<meta property=\"og:image\" content=\"https:\/\/www.domaineenbirbes.com\/wp-content\/uploads\/2021\/11\/logo-wit-met-petrol-achtergrond_nov-2021.png\" \/>\n<meta name=\"twitter:card\" content=\"summary_large_image\" \/>\n<meta name=\"twitter:label1\" content=\"Dur\u00e9e de lecture estim\u00e9e\" \/>\n\t<meta name=\"twitter:data1\" content=\"2 minutes\" \/>\n<script type=\"application\/ld+json\" class=\"yoast-schema-graph\">{\"@context\":\"https:\\\/\\\/schema.org\",\"@graph\":[{\"@type\":\"WebPage\",\"@id\":\"https:\\\/\\\/www.domaineenbirbes.com\\\/met-het-gezin\\\/\",\"url\":\"https:\\\/\\\/www.domaineenbirbes.com\\\/met-het-gezin\\\/\",\"name\":\"Met het gezin verblijven in een safaritent, een g\u00eete of \u2018Les Chambres'\",\"isPartOf\":{\"@id\":\"https:\\\/\\\/www.domaineenbirbes.com\\\/#website\"},\"primaryImageOfPage\":{\"@id\":\"https:\\\/\\\/www.domaineenbirbes.com\\\/met-het-gezin\\\/#primaryimage\"},\"image\":{\"@id\":\"https:\\\/\\\/www.domaineenbirbes.com\\\/met-het-gezin\\\/#primaryimage\"},\"thumbnailUrl\":\"https:\\\/\\\/www.domaineenbirbes.com\\\/wp-content\\\/uploads\\\/2021\\\/11\\\/logo-wit-met-petrol-achtergrond_nov-2021.png\",\"datePublished\":\"2018-11-29T10:43:32+00:00\",\"dateModified\":\"2022-01-03T14:17:02+00:00\",\"description\":\"Welke accommodatie je ook kiest, de kleinschaligheid, gezelligheid en de vertrouwdheid maken Birb\u00e8s tot een ideaal vakantieadres voor ouders \u00e9n kinderen!\",\"breadcrumb\":{\"@id\":\"https:\\\/\\\/www.domaineenbirbes.com\\\/met-het-gezin\\\/#breadcrumb\"},\"inLanguage\":\"fr-FR\",\"potentialAction\":[{\"@type\":\"ReadAction\",\"target\":[\"https:\\\/\\\/www.domaineenbirbes.com\\\/met-het-gezin\\\/\"]}]},{\"@type\":\"ImageObject\",\"inLanguage\":\"fr-FR\",\"@id\":\"https:\\\/\\\/www.domaineenbirbes.com\\\/met-het-gezin\\\/#primaryimage\",\"url\":\"https:\\\/\\\/www.domaineenbirbes.com\\\/wp-content\\\/uploads\\\/2021\\\/11\\\/logo-wit-met-petrol-achtergrond_nov-2021.png\",\"contentUrl\":\"https:\\\/\\\/www.domaineenbirbes.com\\\/wp-content\\\/uploads\\\/2021\\\/11\\\/logo-wit-met-petrol-achtergrond_nov-2021.png\"},{\"@type\":\"BreadcrumbList\",\"@id\":\"https:\\\/\\\/www.domaineenbirbes.com\\\/met-het-gezin\\\/#breadcrumb\",\"itemListElement\":[{\"@type\":\"ListItem\",\"position\":1,\"name\":\"Home\",\"item\":\"https:\\\/\\\/www.domaineenbirbes.com\\\/\"},{\"@type\":\"ListItem\",\"position\":2,\"name\":\"Met het gezin\"}]},{\"@type\":\"WebSite\",\"@id\":\"https:\\\/\\\/www.domaineenbirbes.com\\\/#website\",\"url\":\"https:\\\/\\\/www.domaineenbirbes.com\\\/\",\"name\":\"Domaine en birbes\",\"description\":\"g\u00eetes \u00b7 tentes de luxe \u00b7 chambres d&#039;h\u00f4tes\",\"potentialAction\":[{\"@type\":\"SearchAction\",\"target\":{\"@type\":\"EntryPoint\",\"urlTemplate\":\"https:\\\/\\\/www.domaineenbirbes.com\\\/?s={search_term_string}\"},\"query-input\":{\"@type\":\"PropertyValueSpecification\",\"valueRequired\":true,\"valueName\":\"search_term_string\"}}],\"inLanguage\":\"fr-FR\"}]}<\/script>\n<!-- \/ Yoast SEO plugin. -->","yoast_head_json":{"title":"Met het gezin verblijven in een safaritent, een g\u00eete of \u2018Les Chambres'","description":"Welke accommodatie je ook kiest, de kleinschaligheid, gezelligheid en de vertrouwdheid maken Birb\u00e8s tot een ideaal vakantieadres voor ouders \u00e9n kinderen!","robots":{"index":"index","follow":"follow","max-snippet":"max-snippet:-1","max-image-preview":"max-image-preview:large","max-video-preview":"max-video-preview:-1"},"canonical":"https:\/\/www.domaineenbirbes.com\/fr\/met-het-gezin\/","og_locale":"fr_FR","og_type":"article","og_title":"Met het gezin verblijven in een safaritent, een g\u00eete of \u2018Les Chambres'","og_description":"Welke accommodatie je ook kiest, de kleinschaligheid, gezelligheid en de vertrouwdheid maken Birb\u00e8s tot een ideaal vakantieadres voor ouders \u00e9n kinderen!","og_url":"https:\/\/www.domaineenbirbes.com\/fr\/met-het-gezin\/","og_site_name":"Domaine en birbes","article_modified_time":"2022-01-03T14:17:02+00:00","og_image":[{"url":"https:\/\/www.domaineenbirbes.com\/wp-content\/uploads\/2021\/11\/logo-wit-met-petrol-achtergrond_nov-2021.png","type":"","width":"","height":""}],"twitter_card":"summary_large_image","twitter_misc":{"Dur\u00e9e de lecture estim\u00e9e":"2 minutes"},"schema":{"@context":"https:\/\/schema.org","@graph":[{"@type":"WebPage","@id":"https:\/\/www.domaineenbirbes.com\/met-het-gezin\/","url":"https:\/\/www.domaineenbirbes.com\/met-het-gezin\/","name":"Met het gezin verblijven in een safaritent, een g\u00eete of \u2018Les Chambres'","isPartOf":{"@id":"https:\/\/www.domaineenbirbes.com\/#website"},"primaryImageOfPage":{"@id":"https:\/\/www.domaineenbirbes.com\/met-het-gezin\/#primaryimage"},"image":{"@id":"https:\/\/www.domaineenbirbes.com\/met-het-gezin\/#primaryimage"},"thumbnailUrl":"https:\/\/www.domaineenbirbes.com\/wp-content\/uploads\/2021\/11\/logo-wit-met-petrol-achtergrond_nov-2021.png","datePublished":"2018-11-29T10:43:32+00:00","dateModified":"2022-01-03T14:17:02+00:00","description":"Welke accommodatie je ook kiest, de kleinschaligheid, gezelligheid en de vertrouwdheid maken Birb\u00e8s tot een ideaal vakantieadres voor ouders \u00e9n kinderen!","breadcrumb":{"@id":"https:\/\/www.domaineenbirbes.com\/met-het-gezin\/#breadcrumb"},"inLanguage":"fr-FR","potentialAction":[{"@type":"ReadAction","target":["https:\/\/www.domaineenbirbes.com\/met-het-gezin\/"]}]},{"@type":"ImageObject","inLanguage":"fr-FR","@id":"https:\/\/www.domaineenbirbes.com\/met-het-gezin\/#primaryimage","url":"https:\/\/www.domaineenbirbes.com\/wp-content\/uploads\/2021\/11\/logo-wit-met-petrol-achtergrond_nov-2021.png","contentUrl":"https:\/\/www.domaineenbirbes.com\/wp-content\/uploads\/2021\/11\/logo-wit-met-petrol-achtergrond_nov-2021.png"},{"@type":"BreadcrumbList","@id":"https:\/\/www.domaineenbirbes.com\/met-het-gezin\/#breadcrumb","itemListElement":[{"@type":"ListItem","position":1,"name":"Home","item":"https:\/\/www.domaineenbirbes.com\/"},{"@type":"ListItem","position":2,"name":"Met het gezin"}]},{"@type":"WebSite","@id":"https:\/\/www.domaineenbirbes.com\/#website","url":"https:\/\/www.domaineenbirbes.com\/","name":"Domaine en birbes","description":"g\u00eetes \u00b7 tentes de luxe \u00b7 chambres d&#039;h\u00f4tes","potentialAction":[{"@type":"SearchAction","target":{"@type":"EntryPoint","urlTemplate":"https:\/\/www.domaineenbirbes.com\/?s={search_term_string}"},"query-input":{"@type":"PropertyValueSpecification","valueRequired":true,"valueName":"search_term_string"}}],"inLanguage":"fr-FR"}]}},"_links":{"self":[{"href":"https:\/\/www.domaineenbirbes.com\/fr\/wp-json\/wp\/v2\/pages\/57","targetHints":{"allow":["GET"]}}],"collection":[{"href":"https:\/\/www.domaineenbirbes.com\/fr\/wp-json\/wp\/v2\/pages"}],"about":[{"href":"https:\/\/www.domaineenbirbes.com\/fr\/wp-json\/wp\/v2\/types\/page"}],"author":[{"embeddable":true,"href":"https:\/\/www.domaineenbirbes.com\/fr\/wp-json\/wp\/v2\/users\/1"}],"replies":[{"embeddable":true,"href":"https:\/\/www.domaineenbirbes.com\/fr\/wp-json\/wp\/v2\/comments?post=57"}],"version-history":[{"count":0,"href":"https:\/\/www.domaineenbirbes.com\/fr\/wp-json\/wp\/v2\/pages\/57\/revisions"}],"wp:attachment":[{"href":"https:\/\/www.domaineenbirbes.com\/fr\/wp-json\/wp\/v2\/media?parent=57"}],"curies":[{"name":"wp","href":"https:\/\/api.w.org\/{rel}","templated":true}]}}